{"id":1571,"date":"2021-04-16T23:40:31","date_gmt":"2021-04-16T20:40:31","guid":{"rendered":"http:\/\/fnfm.md\/?page_id=1571"},"modified":"2025-12-26T11:57:33","modified_gmt":"2025-12-26T11:57:33","slug":"viziune","status":"publish","type":"page","link":"https:\/\/fnf.md\/index.php\/viziune\/","title":{"rendered":"Viziune"},"content":{"rendered":"<p><!--vcv no format--><\/p>\n<div class=\"vce-row-container\" data-vce-boxed-width=\"true\">\n<div id=\"el-5bc30d64\" class=\"vce-row vce-row--col-gap-30 vce-row-equal-height vce-row-content--top\" data-vce-do-apply=\"all el-5bc30d64\">\n<div class=\"vce-row-content\" data-vce-element-content=\"true\">\n<div id=\"el-d267de5b\" class=\"vce-col vce-col--md-auto vce-col--xs-1 vce-col--xs-last vce-col--xs-first vce-col--sm-last vce-col--sm-first vce-col--md-last vce-col--lg-last vce-col--xl-last vce-col--md-first vce-col--lg-first vce-col--xl-first\">\n<div class=\"vce-col-inner\" data-vce-do-apply=\"border margin background  el-d267de5b\">\n<div class=\"vce-col-content\" data-vce-element-content=\"true\" data-vce-do-apply=\"padding el-d267de5b\">\n<div class=\"vce-text-block\">\n<div id=\"el-cdd14ce0\" class=\"vce-text-block-wrapper vce\" data-vce-do-apply=\"all el-cdd14ce0\">\n<header><span style=\"font-size: 16pt;\">FNFM aspir\u0103 s\u0103 contribuie la reducerea s\u0103r\u0103ciei \u00een mediul rural \u0219i \u00eembun\u0103t\u0103\u021birea bun\u0103st\u0103rii generale a popula\u021biei din mediul rural.<\/span><\/header>\n<div>\n<p><span style=\"font-size: 16pt;\"><strong>Misiune<\/strong>:<\/span><\/p>\n<p><span style=\"font-size: 16pt;\">FNFM ca o organiza\u021bie neguvernamental\u0103 a fermierilor \u00a0este orientat\u0103 spre dezvoltarea durabil\u0103 a spa\u021biului rural \u0219i spre cre\u0219terea veniturilor popula\u021biei rurale. Aceast\u0103 misiune se realizeaza prin transfer de cunostinte, asistenta tehnica si reprezentarea si apararea intereselor fermierilor<\/span><\/p>\n<p><span style=\"font-size: 16pt;\"><strong>Scopul<\/strong>:<\/span><\/p>\n<p><span style=\"font-size: 16pt;\">Federa\u0163ia Na\u0163ional\u0103 a Fermierilor din Moldova are drept scop promovarea, reprezentarea \u015fi ap\u0103rarea intereselor legale ale membrilor s\u0103i \u00een rela\u0163ia cu\u00a0 institu\u0163iile statului \u015fi cu organiza\u0163ii din \u0163ar\u0103 \u015fi din str\u0103in\u0103tate. De asemenea, crearea structurilor institu\u0163ionale prin care s\u0103 ac\u0163ioneze membrii Federa\u0163iei \u015fi organizarea serviciilor de extensiune, marketing, dezvoltarea afacerilor.<\/span><\/p>\n<p><span style=\"font-size: 16pt;\"><strong>Obiective generale<\/strong><\/span><\/p>\n<p><span style=\"font-size: 16pt;\">\u2013\u00a0 \u00a0promovarea, reprezentarea \u015fi ap\u0103rarea intereselor membrilor \u00een raport cu institu\u0163iile guvernamentale, neguvernamentale \u015fi interna\u0163ionale<\/span><\/p>\n<p><span style=\"font-size: 16pt;\">\u2013\u00a0 \u00a0contribuirea la \u00eembun\u0103t\u0103\u0163irea cadrului legal care reglementeaz\u0103\u00a0 activitatea economic\u0103 rural\u0103<\/span><\/p>\n<p><span style=\"font-size: 16pt;\">\u2013\u00a0\u00a0\u00a0elaborarea programelor specifice de promovare a\u00a0 agriculturii ecologice, turism\u00a0 rural, aspecte sociale \u015fi culturale<\/span><\/p>\n<p><span style=\"font-size: 16pt;\">\u2013\u00a0\u00a0\u00a0facilitarea asocierii produc\u0103torilor pe domenii de interes<\/span><\/p>\n<p><span style=\"font-size: 16pt;\">\u2013\u00a0\u00a0\u00a0dezvoltarea capacit\u0103\u0163ilor institu\u0163ionale a organiza\u0163iei la toate nivelele<\/span><\/p>\n<p><span style=\"font-size: 16pt;\">\u2013\u00a0\u00a0\u00a0prestarea serviciilor de extensiune, marketing \u015fi dezvoltarea afacerilor<\/span><\/p>\n<p><span style=\"font-size: 16pt;\">\u2013\u00a0\u00a0\u00a0stimularea particip\u0103rii femeilor \u015fi tineretului \u00een dezvoltarea economic\u0103 rural\u0103.<\/span><\/p>\n<\/div>\n<header class=\"tg-page-header tg-page-header--left\">\n<div class=\"tg-container tg-container--flex tg-container--flex-center tg-container--flex-space-between\">\n<h1 class=\"tg-page-header__title\">Obiective generale<\/h1>\n<\/div>\n<\/header>\n<div id=\"content\" class=\"site-content\">\n<div class=\"tg-container tg-container--flex tg-container--flex-space-between\">\n<div id=\"primary\" class=\"content-area\">\n<article id=\"post-1199\" class=\"post-1199 page type-page status-publish hentry zakra-article-page\">\n<header class=\"entry-header\"><\/header>\n<div class=\"entry-content\">\n<p><span style=\"font-size: 16pt;\">1. Dezvoltarea institu\u021bional\u0103 a FNFM \u0219i consolidarea capacit\u0103\u021bilor de prestare a serviciilor membrilor<\/span><\/p>\n<p><span style=\"font-size: 16pt;\">2. Dezvoltarea continu\u0103 a competen\u021belor antreprenoriale ale fermierilor mici \u0219i mijlocii: acces la cunostinte, cooperare, finante si piete<\/span><\/p>\n<p><span style=\"font-size: 16pt;\">3. Participarea la \u00eembun\u0103t\u0103\u021birea politicilor \u00een agricultur\u0103 prin ac\u021biuni de lobby, advocacy \u0219i de reprezentare<\/span><\/p>\n<p><span style=\"font-size: 16pt;\">4. Promovarea \u0219i sus\u021binerea tendin\u021belor inovatoare \u0219i ini\u021biativele de afaceri ale tinerilor fermieri.<\/span><\/p>\n<p><span style=\"font-size: 16pt;\">5. Emanciparea si incluziunea socio economica\u00a0 a femeilor din zona rurala:<\/span><\/p>\n<p><img decoding=\"async\" src=\"|!|vcvUploadUrl|!|\/2017\/06\/%D0%A1%D0%BD%D0%B8%D0%BC%D0%BE%D0%BA.jpg\" \/><\/p>\n<\/div>\n<\/article>\n<\/div>\n<\/div>\n<\/div>\n<\/div>\n<\/div>\n<\/div>\n<\/div>\n<\/div>\n<\/div>\n<\/div>\n<\/div>\n<p><!--vcv no format--><\/p>\n","protected":false},"excerpt":{"rendered":"<p>FNFM aspir\u0103 s\u0103 contribuie la reducerea s\u0103r\u0103ciei \u00een mediul rural \u0219i \u00eembun\u0103t\u0103\u021birea bun\u0103st\u0103rii generale a popula\u021biei din mediul rural. Misiune: FNFM ca o organiza\u021bie neguvernamental\u0103 a fermierilor \u00a0este orientat\u0103 spre dezvoltarea durabil\u0103 a spa\u021biului rural \u0219i spre cre\u0219terea veniturilor popula\u021biei rurale. Aceast\u0103 misiune se realizeaza prin transfer de cunostinte, asistenta tehnica si reprezentarea si apararea&#8230;<\/p>\n","protected":false},"author":501,"featured_media":0,"parent":0,"menu_order":0,"comment_status":"closed","ping_status":"closed","template":"","meta":{"footnotes":""},"class_list":["post-1571","page","type-page","status-publish","hentry"],"_links":{"self":[{"href":"https:\/\/fnf.md\/index.php\/wp-json\/wp\/v2\/pages\/1571","targetHints":{"allow":["GET"]}}],"collection":[{"href":"https:\/\/fnf.md\/index.php\/wp-json\/wp\/v2\/pages"}],"about":[{"href":"https:\/\/fnf.md\/index.php\/wp-json\/wp\/v2\/types\/page"}],"author":[{"embeddable":true,"href":"https:\/\/fnf.md\/index.php\/wp-json\/wp\/v2\/users\/501"}],"replies":[{"embeddable":true,"href":"https:\/\/fnf.md\/index.php\/wp-json\/wp\/v2\/comments?post=1571"}],"version-history":[{"count":4,"href":"https:\/\/fnf.md\/index.php\/wp-json\/wp\/v2\/pages\/1571\/revisions"}],"predecessor-version":[{"id":3356,"href":"https:\/\/fnf.md\/index.php\/wp-json\/wp\/v2\/pages\/1571\/revisions\/3356"}],"wp:attachment":[{"href":"https:\/\/fnf.md\/index.php\/wp-json\/wp\/v2\/media?parent=1571"}],"curies":[{"name":"wp","href":"https:\/\/api.w.org\/{rel}","templated":true}]}}