{"id":2408,"date":"2021-12-20T13:12:04","date_gmt":"2021-12-20T11:12:04","guid":{"rendered":"http:\/\/fnfm.md\/?page_id=2408"},"modified":"2025-12-29T15:48:31","modified_gmt":"2025-12-29T15:48:31","slug":"traditii-si-obiceiuri","status":"publish","type":"page","link":"https:\/\/fnf.md\/index.php\/traditii-si-obiceiuri\/","title":{"rendered":"Tradi\u021bii \u0219i Obiceiui"},"content":{"rendered":"\n<figure class=\"wp-block-embed is-type-wp-embed is-provider-federa-ia-na-ional-a-fermierilor-din-moldova wp-block-embed-federa-ia-na-ional-a-fermierilor-din-moldova\"><div class=\"wp-block-embed__wrapper\">\n<blockquote class=\"wp-embedded-content\" data-secret=\"yhOHDknbAo\"><a href=\"https:\/\/fnf.md\/index.php\/2022\/01\/20\/crestinii-ortodocsi-din-republica-moldova-il-sarbatoresc-astazi-pe-sfantul-ioan-botezatorul\/\">Cre\u0219tinii ortodoc\u0219i din Republica Moldova \u00eel s\u0103rb\u0103toresc ast\u0103zi pe Sf\u00e2ntul Ioan Botez\u0103torul<\/a><\/blockquote><iframe loading=\"lazy\" class=\"wp-embedded-content\" sandbox=\"allow-scripts\" security=\"restricted\" style=\"position: absolute; visibility: hidden;\" title=\"&#8220;Cre\u0219tinii ortodoc\u0219i din Republica Moldova \u00eel s\u0103rb\u0103toresc ast\u0103zi pe Sf\u00e2ntul Ioan Botez\u0103torul&#8221; &#8212; Federa\u021bia Na\u021bional\u0103 a Fermierilor din Moldova\" src=\"https:\/\/fnf.md\/index.php\/2022\/01\/20\/crestinii-ortodocsi-din-republica-moldova-il-sarbatoresc-astazi-pe-sfantul-ioan-botezatorul\/embed\/#?secret=l4ochZCfe6#?secret=yhOHDknbAo\" data-secret=\"yhOHDknbAo\" width=\"600\" height=\"338\" frameborder=\"0\" marginwidth=\"0\" marginheight=\"0\" scrolling=\"no\"><\/iframe>\n<\/div><\/figure>\n\n\n\n<figure class=\"wp-block-embed is-type-wp-embed is-provider-federa-ia-na-ional-a-fermierilor-din-moldova wp-block-embed-federa-ia-na-ional-a-fermierilor-din-moldova\"><div class=\"wp-block-embed__wrapper\">\n<blockquote class=\"wp-embedded-content\" data-secret=\"uNM2w1TT2W\"><a href=\"https:\/\/fnf.md\/index.php\/2022\/01\/14\/traditii-si-obiceiuri-de-sf-vasile-cel-mare\/\">TRADI\u021aII \u0218I OBICEIURI DE SF. VASILE CEL MARE<\/a><\/blockquote><iframe loading=\"lazy\" class=\"wp-embedded-content\" sandbox=\"allow-scripts\" security=\"restricted\" style=\"position: absolute; visibility: hidden;\" title=\"&#8220;TRADI\u021aII \u0218I OBICEIURI DE SF. VASILE CEL MARE&#8221; &#8212; Federa\u021bia Na\u021bional\u0103 a Fermierilor din Moldova\" src=\"https:\/\/fnf.md\/index.php\/2022\/01\/14\/traditii-si-obiceiuri-de-sf-vasile-cel-mare\/embed\/#?secret=rC8UMpdfs7#?secret=uNM2w1TT2W\" data-secret=\"uNM2w1TT2W\" width=\"600\" height=\"338\" frameborder=\"0\" marginwidth=\"0\" marginheight=\"0\" scrolling=\"no\"><\/iframe>\n<\/div><\/figure>\n\n\n\n<figure class=\"wp-block-embed is-type-wp-embed is-provider-federa-ia-na-ional-a-fermierilor-din-moldova wp-block-embed-federa-ia-na-ional-a-fermierilor-din-moldova\"><div class=\"wp-block-embed__wrapper\">\n<blockquote class=\"wp-embedded-content\" data-secret=\"GbaxoEF7Xt\"><a href=\"https:\/\/fnf.md\/index.php\/2022\/01\/13\/astazi-crestinii-ortodocsi-de-rit-vechi-sarbatoresc-ajunul-sfantului-vasile-cel-mare\/\">Ast\u0103zi, cre\u015ftinii ortodoc\u015fi de rit vechi s\u0103rb\u0103toresc ajunul Sf\u00e2ntului Vasile cel Mare<\/a><\/blockquote><iframe loading=\"lazy\" class=\"wp-embedded-content\" sandbox=\"allow-scripts\" security=\"restricted\" style=\"position: absolute; visibility: hidden;\" title=\"&#8220;Ast\u0103zi, cre\u015ftinii ortodoc\u015fi de rit vechi s\u0103rb\u0103toresc ajunul Sf\u00e2ntului Vasile cel Mare&#8221; &#8212; Federa\u021bia Na\u021bional\u0103 a Fermierilor din Moldova\" src=\"https:\/\/fnf.md\/index.php\/2022\/01\/13\/astazi-crestinii-ortodocsi-de-rit-vechi-sarbatoresc-ajunul-sfantului-vasile-cel-mare\/embed\/#?secret=HXYBO32ro3#?secret=GbaxoEF7Xt\" data-secret=\"GbaxoEF7Xt\" width=\"600\" height=\"338\" frameborder=\"0\" marginwidth=\"0\" marginheight=\"0\" scrolling=\"no\"><\/iframe>\n<\/div><\/figure>\n\n\n\n<figure class=\"wp-block-embed is-type-wp-embed is-provider-federa-ia-na-ional-a-fermierilor-din-moldova wp-block-embed-federa-ia-na-ional-a-fermierilor-din-moldova\"><div class=\"wp-block-embed__wrapper\">\n<blockquote class=\"wp-embedded-content\" data-secret=\"2w2McAakZA\"><a href=\"https:\/\/fnf.md\/index.php\/2022\/01\/11\/unde-ajungem-daca-nu-tinem-cont-de-traditii-video\/\">UNDE AJUNGEM DAC\u0102 NU \u021aINEM CONT DE TRADI\u021aII?\/\/VIDEO<\/a><\/blockquote><iframe loading=\"lazy\" class=\"wp-embedded-content\" sandbox=\"allow-scripts\" security=\"restricted\" style=\"position: absolute; visibility: hidden;\" title=\"&#8220;UNDE AJUNGEM DAC\u0102 NU \u021aINEM CONT DE TRADI\u021aII?\/\/VIDEO&#8221; &#8212; Federa\u021bia Na\u021bional\u0103 a Fermierilor din Moldova\" src=\"https:\/\/fnf.md\/index.php\/2022\/01\/11\/unde-ajungem-daca-nu-tinem-cont-de-traditii-video\/embed\/#?secret=cKH80PsI25#?secret=2w2McAakZA\" data-secret=\"2w2McAakZA\" width=\"600\" height=\"338\" frameborder=\"0\" marginwidth=\"0\" marginheight=\"0\" scrolling=\"no\"><\/iframe>\n<\/div><\/figure>\n\n\n\n<figure class=\"wp-block-embed is-type-wp-embed is-provider-federa-ia-na-ional-a-fermierilor-din-moldova wp-block-embed-federa-ia-na-ional-a-fermierilor-din-moldova\"><div class=\"wp-block-embed__wrapper\">\n<blockquote class=\"wp-embedded-content\" data-secret=\"c3VUumwaJq\"><a href=\"https:\/\/fnf.md\/index.php\/2022\/01\/06\/felicitari-dragi-prieteni-cu-ocazia-craciunului-pe-stil-vechi\/\">FELICIT\u0102RI, DRAGI PRIETENI CU OCAZIA CR\u0102CIUNULUI PE STIL VECHI!<\/a><\/blockquote><iframe loading=\"lazy\" class=\"wp-embedded-content\" sandbox=\"allow-scripts\" security=\"restricted\" style=\"position: absolute; visibility: hidden;\" title=\"&#8220;FELICIT\u0102RI, DRAGI PRIETENI CU OCAZIA CR\u0102CIUNULUI PE STIL VECHI!&#8221; &#8212; Federa\u021bia Na\u021bional\u0103 a Fermierilor din Moldova\" src=\"https:\/\/fnf.md\/index.php\/2022\/01\/06\/felicitari-dragi-prieteni-cu-ocazia-craciunului-pe-stil-vechi\/embed\/#?secret=9rb2d9MS2F#?secret=c3VUumwaJq\" data-secret=\"c3VUumwaJq\" width=\"600\" height=\"338\" frameborder=\"0\" marginwidth=\"0\" marginheight=\"0\" scrolling=\"no\"><\/iframe>\n<\/div><\/figure>\n\n\n\n<figure class=\"wp-block-embed is-type-wp-embed is-provider-federa-ia-na-ional-a-fermierilor-din-moldova wp-block-embed-federa-ia-na-ional-a-fermierilor-din-moldova\"><div class=\"wp-block-embed__wrapper\">\n<blockquote class=\"wp-embedded-content\" data-secret=\"oBGgjJvXHf\"><a href=\"https:\/\/fnf.md\/index.php\/2021\/12\/30\/povestea-sarbatorilor-de-iarna-film\/\">POVESTEA S\u0102RB\u0102TORILOR DE IARN\u0102 &#8211; FILM<\/a><\/blockquote><iframe loading=\"lazy\" class=\"wp-embedded-content\" sandbox=\"allow-scripts\" security=\"restricted\" style=\"position: absolute; visibility: hidden;\" title=\"&#8220;POVESTEA S\u0102RB\u0102TORILOR DE IARN\u0102 &#8211; FILM&#8221; &#8212; Federa\u021bia Na\u021bional\u0103 a Fermierilor din Moldova\" src=\"https:\/\/fnf.md\/index.php\/2021\/12\/30\/povestea-sarbatorilor-de-iarna-film\/embed\/#?secret=VcsOQoEIYg#?secret=oBGgjJvXHf\" data-secret=\"oBGgjJvXHf\" width=\"600\" height=\"338\" frameborder=\"0\" marginwidth=\"0\" marginheight=\"0\" scrolling=\"no\"><\/iframe>\n<\/div><\/figure>\n\n\n\n<figure class=\"wp-block-embed is-type-wp-embed is-provider-federa-ia-na-ional-a-fermierilor-din-moldova wp-block-embed-federa-ia-na-ional-a-fermierilor-din-moldova\"><div class=\"wp-block-embed__wrapper\">\n<blockquote class=\"wp-embedded-content\" data-secret=\"WoBp7kav2f\"><a href=\"https:\/\/fnf.md\/index.php\/2021\/12\/27\/cuvant-pentru-mesia-film\/\">CUV\u00c2NT PENTRU MESIA\/\/FILM<\/a><\/blockquote><iframe loading=\"lazy\" class=\"wp-embedded-content\" sandbox=\"allow-scripts\" security=\"restricted\" style=\"position: absolute; visibility: hidden;\" title=\"&#8220;CUV\u00c2NT PENTRU MESIA\/\/FILM&#8221; &#8212; Federa\u021bia Na\u021bional\u0103 a Fermierilor din Moldova\" src=\"https:\/\/fnf.md\/index.php\/2021\/12\/27\/cuvant-pentru-mesia-film\/embed\/#?secret=ND6QZZo3oP#?secret=WoBp7kav2f\" data-secret=\"WoBp7kav2f\" width=\"600\" height=\"338\" frameborder=\"0\" marginwidth=\"0\" marginheight=\"0\" scrolling=\"no\"><\/iframe>\n<\/div><\/figure>\n\n\n\n<figure class=\"wp-block-embed is-type-wp-embed is-provider-federa-ia-na-ional-a-fermierilor-din-moldova wp-block-embed-federa-ia-na-ional-a-fermierilor-din-moldova\"><div class=\"wp-block-embed__wrapper\">\n<blockquote class=\"wp-embedded-content\" data-secret=\"0t5eQleLbN\"><a href=\"https:\/\/fnf.md\/index.php\/2021\/12\/27\/plugusor-in-interpretarea-lui-ion-paulencu-solist-al-operei-nationale\/\">PLUGU\u0218OR \u00ceN INTERPRETAREA LUI ION PAULENCU, SOLIST AL OPEREI NA\u021aIONALE<\/a><\/blockquote><iframe loading=\"lazy\" class=\"wp-embedded-content\" sandbox=\"allow-scripts\" security=\"restricted\" style=\"position: absolute; visibility: hidden;\" title=\"&#8220;PLUGU\u0218OR \u00ceN INTERPRETAREA LUI ION PAULENCU, SOLIST AL OPEREI NA\u021aIONALE&#8221; &#8212; Federa\u021bia Na\u021bional\u0103 a Fermierilor din Moldova\" src=\"https:\/\/fnf.md\/index.php\/2021\/12\/27\/plugusor-in-interpretarea-lui-ion-paulencu-solist-al-operei-nationale\/embed\/#?secret=hvP5hu3Xj1#?secret=0t5eQleLbN\" data-secret=\"0t5eQleLbN\" width=\"600\" height=\"338\" frameborder=\"0\" marginwidth=\"0\" marginheight=\"0\" scrolling=\"no\"><\/iframe>\n<\/div><\/figure>\n","protected":false},"excerpt":{"rendered":"","protected":false},"author":3,"featured_media":2409,"parent":0,"menu_order":0,"comment_status":"closed","ping_status":"closed","template":"","meta":{"footnotes":""},"class_list":["post-2408","page","type-page","status-publish","has-post-thumbnail","hentry"],"_links":{"self":[{"href":"https:\/\/fnf.md\/index.php\/wp-json\/wp\/v2\/pages\/2408","targetHints":{"allow":["GET"]}}],"collection":[{"href":"https:\/\/fnf.md\/index.php\/wp-json\/wp\/v2\/pages"}],"about":[{"href":"https:\/\/fnf.md\/index.php\/wp-json\/wp\/v2\/types\/page"}],"author":[{"embeddable":true,"href":"https:\/\/fnf.md\/index.php\/wp-json\/wp\/v2\/users\/3"}],"replies":[{"embeddable":true,"href":"https:\/\/fnf.md\/index.php\/wp-json\/wp\/v2\/comments?post=2408"}],"version-history":[{"count":12,"href":"https:\/\/fnf.md\/index.php\/wp-json\/wp\/v2\/pages\/2408\/revisions"}],"predecessor-version":[{"id":3402,"href":"https:\/\/fnf.md\/index.php\/wp-json\/wp\/v2\/pages\/2408\/revisions\/3402"}],"wp:featuredmedia":[{"embeddable":true,"href":"https:\/\/fnf.md\/index.php\/wp-json\/wp\/v2\/media\/2409"}],"wp:attachment":[{"href":"https:\/\/fnf.md\/index.php\/wp-json\/wp\/v2\/media?parent=2408"}],"curies":[{"name":"wp","href":"https:\/\/api.w.org\/{rel}","templated":true}]}}